{"id":15603,"date":"2018-04-03T15:14:16","date_gmt":"2018-04-03T13:14:16","guid":{"rendered":"http:\/\/lombric-fourchu.com\/wp\/?page_id=15603"},"modified":"2024-12-16T14:27:27","modified_gmt":"2024-12-16T13:27:27","slug":"calendrier","status":"publish","type":"page","link":"https:\/\/www.lombric-fourchu.com\/index.php\/calendrier\/","title":{"rendered":"CALENDRIER"},"content":{"rendered":"<p>[vc_row css_animation=\u00a0\u00bb\u00a0\u00bb row_type=\u00a0\u00bbrow\u00a0\u00bb use_row_as_full_screen_section=\u00a0\u00bbno\u00a0\u00bb type=\u00a0\u00bbfull_width\u00a0\u00bb angled_section=\u00a0\u00bbno\u00a0\u00bb text_align=\u00a0\u00bbleft\u00a0\u00bb background_image_as_pattern=\u00a0\u00bbwithout_pattern\u00a0\u00bb][vc_column][vc_single_image image=\u00a0\u00bb15761&Prime; alignment=\u00a0\u00bbright\u00a0\u00bb qode_css_animation=\u00a0\u00bb\u00a0\u00bb][vc_separator type=\u00a0\u00bbtransparent\u00a0\u00bb][\/vc_column][\/vc_row][vc_row css_animation=\u00a0\u00bb\u00a0\u00bb row_type=\u00a0\u00bbrow\u00a0\u00bb use_row_as_full_screen_section=\u00a0\u00bbno\u00a0\u00bb type=\u00a0\u00bbfull_width\u00a0\u00bb angled_section=\u00a0\u00bbno\u00a0\u00bb text_align=\u00a0\u00bbcenter\u00a0\u00bb background_image_as_pattern=\u00a0\u00bbwithout_pattern\u00a0\u00bb z_index=\u00a0\u00bb\u00a0\u00bb][vc_column][vc_column_text]<\/p>\n<h3 style=\"text-align: right;\"><span style=\"color: #81d742;\">Lombric Fourchu a d\u00e9j\u00e0 fait son compost avec<\/span><\/h3>\n<h4 style=\"text-align: justify;\"><span style=\"color: #f74400;\">l&rsquo;Agence de l&rsquo;eau Seine-Normandie dans le jardin du pr\u00e9fet d&rsquo;Ile-De-France ou encore au Jardin des Tuileries \u00e0 Paris<\/span>, avec le Conseil G\u00e9n\u00e9ral des C\u00f4tes d&rsquo;Armor dans la For\u00eat d&rsquo;Avaugour ou au Ch\u00e2teau de la Roche Jagu, avec le Conseil G\u00e9n\u00e9ral du Morbihan dans le domaine d\u00e9partemental de Kerguehennec, avec Rennes-M\u00e9tropole \u00e0 la F\u00eate du jardinage ou au Festival des Quartiers, <span style=\"color: #81d742;\">avec Morlaix communaut\u00e9 dans le centre culturel de Saint-Martin-des-Champs, avec les communaut\u00e9s de communes de Landivisiau, du Cap Sizun, de Concarneau ou du Haut Pays Bigouden, avec les villes de La Baule, Le Havre, Lorient, Brest, Strasbourg, Vannes, Nantes, Cr\u00e9teil ou encore Plouay, avec la Fondation Yves Rocher ainsi que son Comit\u00e9 d&rsquo;Entreprise, avec le Groupe L\u00e9a Nature \u00e0 La Rochelle<\/span>, avec le Parc Floral de la source \u00e0 Orl\u00e9ans ou dans le Parc Floral du Chapelier, avec les M\u00e9diath\u00e8que de Brest, Pl\u00e9rin, La Guerche de Bretagne ou Allaire, avec beaucoup de syndicats des eaux en Bretagne ou de Maison de la nature dans le grand Ouest, le PAT de G\u00e2ve de Pau, <span style=\"color: #f74400;\">avec Ille-et-Bio \u00e0 Guichen ou le Festival Saumon \u00e0 Pont-Scorff et bien d&rsquo;autres amis encore dont&#8230;<\/span><\/h4>\n<h3><span style=\"color: #81d742;\">Le \u00ab\u00a0Festival du Lombric\u00a0\u00bb bien s\u00fbr ! En Suisse !<\/span><\/h3>\n<p>[\/vc_column_text][vc_separator type=\u00a0\u00bbtransparent\u00a0\u00bb][vc_separator type=\u00a0\u00bbtransparent\u00a0\u00bb][\/vc_column][\/vc_row][vc_row css_animation=\u00a0\u00bb\u00a0\u00bb row_type=\u00a0\u00bbrow\u00a0\u00bb use_row_as_full_screen_section=\u00a0\u00bbno\u00a0\u00bb type=\u00a0\u00bbgrid\u00a0\u00bb angled_section=\u00a0\u00bbno\u00a0\u00bb text_align=\u00a0\u00bbright\u00a0\u00bb background_image_as_pattern=\u00a0\u00bbwithout_pattern\u00a0\u00bb z_index=\u00a0\u00bb\u00a0\u00bb][vc_column][vc_separator type=\u00a0\u00bbtransparent\u00a0\u00bb]<a  itemprop=\"url\" href=\"https:\/\/www.lombric-fourchu.com\/docs\/DatesLF.pdf\" target=\"_blank\"  class=\"qbutton  large enlarge\" style=\"\">T\u00e9l\u00e9charger l'ensemble des dates de spectacle pass\u00e9es<i class=\"qode_icon_font_awesome fa fa-hand-o-right qode_button_icon_element\" style=\"\" ><\/i><\/a>[vc_separator type=\u00a0\u00bbtransparent\u00a0\u00bb][vc_separator type=\u00a0\u00bbtransparent\u00a0\u00bb][\/vc_column][\/vc_row]<\/p>\n","protected":false},"excerpt":{"rendered":"<p>[vc_row css_animation=\u00a0\u00bb\u00a0\u00bb row_type=\u00a0\u00bbrow\u00a0\u00bb use_row_as_full_screen_section=\u00a0\u00bbno\u00a0\u00bb type=\u00a0\u00bbfull_width\u00a0\u00bb angled_section=\u00a0\u00bbno\u00a0\u00bb text_align=\u00a0\u00bbleft\u00a0\u00bb background_image_as_pattern=\u00a0\u00bbwithout_pattern\u00a0\u00bb][vc_column][vc_single_image image=\u00a0\u00bb15761&Prime; alignment=\u00a0\u00bbright\u00a0\u00bb qode_css_animation=\u00a0\u00bb\u00a0\u00bb][vc_separator type=\u00a0\u00bbtransparent\u00a0\u00bb][\/vc_column][\/vc_row][vc_row css_animation=\u00a0\u00bb\u00a0\u00bb row_type=\u00a0\u00bbrow\u00a0\u00bb use_row_as_full_screen_section=\u00a0\u00bbno\u00a0\u00bb type=\u00a0\u00bbfull_width\u00a0\u00bb angled_section=\u00a0\u00bbno\u00a0\u00bb text_align=\u00a0\u00bbcenter\u00a0\u00bb background_image_as_pattern=\u00a0\u00bbwithout_pattern\u00a0\u00bb z_index=\u00a0\u00bb\u00a0\u00bb][vc_column][vc_column_text] Lombric Fourchu a d\u00e9j\u00e0 fait son compost avec l&rsquo;Agence de l&rsquo;eau Seine-Normandie dans le jardin du pr\u00e9fet d&rsquo;Ile-De-France ou encore au Jardin des Tuileries \u00e0&#8230;<\/p>\n","protected":false},"author":1,"featured_media":0,"parent":0,"menu_order":0,"comment_status":"closed","ping_status":"closed","template":"","meta":{"_monsterinsights_skip_tracking":false,"_monsterinsights_sitenote_active":false,"_monsterinsights_sitenote_note":"","_monsterinsights_sitenote_category":0,"_uf_show_specific_survey":0,"_uf_disable_surveys":false,"footnotes":""},"class_list":["post-15603","page","type-page","status-publish","hentry"],"aioseo_notices":[],"_links":{"self":[{"href":"https:\/\/www.lombric-fourchu.com\/index.php\/wp-json\/wp\/v2\/pages\/15603","targetHints":{"allow":["GET"]}}],"collection":[{"href":"https:\/\/www.lombric-fourchu.com\/index.php\/wp-json\/wp\/v2\/pages"}],"about":[{"href":"https:\/\/www.lombric-fourchu.com\/index.php\/wp-json\/wp\/v2\/types\/page"}],"author":[{"embeddable":true,"href":"https:\/\/www.lombric-fourchu.com\/index.php\/wp-json\/wp\/v2\/users\/1"}],"replies":[{"embeddable":true,"href":"https:\/\/www.lombric-fourchu.com\/index.php\/wp-json\/wp\/v2\/comments?post=15603"}],"version-history":[{"count":16,"href":"https:\/\/www.lombric-fourchu.com\/index.php\/wp-json\/wp\/v2\/pages\/15603\/revisions"}],"predecessor-version":[{"id":15813,"href":"https:\/\/www.lombric-fourchu.com\/index.php\/wp-json\/wp\/v2\/pages\/15603\/revisions\/15813"}],"wp:attachment":[{"href":"https:\/\/www.lombric-fourchu.com\/index.php\/wp-json\/wp\/v2\/media?parent=15603"}],"curies":[{"name":"wp","href":"https:\/\/api.w.org\/{rel}","templated":true}]}}