{"id":15598,"date":"2018-04-03T15:12:25","date_gmt":"2018-04-03T13:12:25","guid":{"rendered":"http:\/\/lombric-fourchu.com\/wp\/?page_id=15598"},"modified":"2025-07-27T17:21:27","modified_gmt":"2025-07-27T15:21:27","slug":"qui-suis-je","status":"publish","type":"page","link":"https:\/\/www.lombric-fourchu.com\/index.php\/qui-suis-je\/","title":{"rendered":"LF &#038; Iwan Laurent"},"content":{"rendered":"<p>[vc_row css_animation=\u00a0\u00bb\u00a0\u00bb row_type=\u00a0\u00bbrow\u00a0\u00bb use_row_as_full_screen_section=\u00a0\u00bbno\u00a0\u00bb type=\u00a0\u00bbfull_width\u00a0\u00bb angled_section=\u00a0\u00bbno\u00a0\u00bb text_align=\u00a0\u00bbleft\u00a0\u00bb background_image_as_pattern=\u00a0\u00bbwithout_pattern\u00a0\u00bb][vc_column][vc_single_image image=\u00a0\u00bb15703&Prime; img_size=\u00a0\u00bbfull\u00a0\u00bb alignment=\u00a0\u00bbcenter\u00a0\u00bb qode_css_animation=\u00a0\u00bb\u00a0\u00bb][vc_separator type=\u00a0\u00bbtransparent\u00a0\u00bb][vc_separator type=\u00a0\u00bbtransparent\u00a0\u00bb][vc_separator type=\u00a0\u00bbtransparent\u00a0\u00bb][\/vc_column][\/vc_row][vc_row css_animation=\u00a0\u00bb\u00a0\u00bb row_type=\u00a0\u00bbrow\u00a0\u00bb use_row_as_full_screen_section=\u00a0\u00bbno\u00a0\u00bb type=\u00a0\u00bbfull_width\u00a0\u00bb angled_section=\u00a0\u00bbno\u00a0\u00bb text_align=\u00a0\u00bbleft\u00a0\u00bb background_image_as_pattern=\u00a0\u00bbwithout_pattern\u00a0\u00bb][vc_column width=\u00a0\u00bb1\/2&Prime;][vc_column_text]<\/p>\n<p style=\"text-align: left;\"><strong>Lombric Fourchu<\/strong><\/p>\n<p style=\"text-align: justify;\">C&rsquo;est en 2005 que Lombric Fourchu devient\u00a0 marionnette chaussette et part en tourn\u00e9e en Bretagne. Son succ\u00e8s le fera voyager partout en France au fil des ans et\u00a0 jusqu&rsquo;en Suisse au Festival du Lombric\u00a0!<\/p>\n<p>[\/vc_column_text][\/vc_column][vc_column width=\u00a0\u00bb1\/2&Prime;][vc_column_text]<\/p>\n<p style=\"text-align: left;\"><strong>\u00a0<\/strong><\/p>\n<p style=\"text-align: left;\"><strong>Ses loisirs\u00a0:<\/strong> le tabla et le compost.<\/p>\n<p style=\"text-align: left;\"><strong>Sa passion\u00a0: <span style=\"color: #f74400;\">manger\u00a0!<\/span><\/strong><\/p>\n<p style=\"text-align: left;\"><strong>Sa devise\u00a0:<\/strong> \u00c0 table\u00a0!<\/p>\n<p>[\/vc_column_text][\/vc_column][\/vc_row][vc_row css_animation=\u00a0\u00bb\u00a0\u00bb row_type=\u00a0\u00bbrow\u00a0\u00bb use_row_as_full_screen_section=\u00a0\u00bbno\u00a0\u00bb type=\u00a0\u00bbfull_width\u00a0\u00bb angled_section=\u00a0\u00bbno\u00a0\u00bb text_align=\u00a0\u00bbleft\u00a0\u00bb background_image_as_pattern=\u00a0\u00bbwithout_pattern\u00a0\u00bb][vc_column][vc_separator type=\u00a0\u00bbtransparent\u00a0\u00bb][vc_separator type=\u00a0\u00bbtransparent\u00a0\u00bb][vc_separator type=\u00a0\u00bbtransparent\u00a0\u00bb][vc_separator type=\u00a0\u00bbtransparent\u00a0\u00bb][\/vc_column][\/vc_row][vc_row css_animation=\u00a0\u00bb\u00a0\u00bb row_type=\u00a0\u00bbrow\u00a0\u00bb use_row_as_full_screen_section=\u00a0\u00bbno\u00a0\u00bb type=\u00a0\u00bbfull_width\u00a0\u00bb angled_section=\u00a0\u00bbno\u00a0\u00bb text_align=\u00a0\u00bbleft\u00a0\u00bb background_image_as_pattern=\u00a0\u00bbwithout_pattern\u00a0\u00bb][vc_column width=\u00a0\u00bb1\/2&Prime;][vc_column_text]<strong>Iwan LAURENT<\/strong> est membre du R\u00e9seau d&rsquo;\u00c9ducation \u00e0 l&rsquo;Environnement en Bretagne depuis 2004. Com\u00e9dien, musicien, auteur-compositeur de spectacles et chansons, il \u00e9crit et joue ses propres spectacles avec Lombric Fourchu.<br \/>\nDe 2005 \u00e0 2013, il accompagne G\u00e9rard DELAHAYE aux percussions (environ 300 repr\u00e9sentations). Il est actuellement com\u00e9dien et marionnettiste ventriloque avec Lombric Fourchu (plus de 1000 repr\u00e9sentations !).[\/vc_column_text][\/vc_column][vc_column width=\u00a0\u00bb1\/2&Prime;][vc_column_text]<\/p>\n<p style=\"text-align: left;\"><strong>\u00a0<\/strong><\/p>\n<p style=\"text-align: left;\"><strong>Ses loisirs\u00a0:<\/strong> le tabla, lire, \u00e9couter de la musique, marcher.<\/p>\n<p style=\"text-align: left;\"><strong>Ses passions\u00a0:<\/strong> l&rsquo;art de la communication et de la p\u00e9dagogie, avec humour le plus souvent y compris avec soi-m\u00eame. M\u00e9diter dans l&rsquo;action. Cultiver l&rsquo;optimisme et voir la beaut\u00e9 du monde.<\/p>\n<p style=\"text-align: left;\"><strong>Sa devise\u00a0: <span style=\"color: #81d742;\">Pas de probl\u00e8me\u00a0!<\/span><\/strong><\/p>\n<p>[\/vc_column_text][\/vc_column][\/vc_row][vc_row css_animation=\u00a0\u00bb\u00a0\u00bb row_type=\u00a0\u00bbrow\u00a0\u00bb use_row_as_full_screen_section=\u00a0\u00bbno\u00a0\u00bb type=\u00a0\u00bbfull_width\u00a0\u00bb angled_section=\u00a0\u00bbno\u00a0\u00bb text_align=\u00a0\u00bbleft\u00a0\u00bb background_image_as_pattern=\u00a0\u00bbwithout_pattern\u00a0\u00bb][vc_column][vc_separator type=\u00a0\u00bbtransparent\u00a0\u00bb][vc_separator type=\u00a0\u00bbtransparent\u00a0\u00bb][vc_separator type=\u00a0\u00bbtransparent\u00a0\u00bb][\/vc_column][\/vc_row]<\/p>\n","protected":false},"excerpt":{"rendered":"<p>[vc_row css_animation=\u00a0\u00bb\u00a0\u00bb row_type=\u00a0\u00bbrow\u00a0\u00bb use_row_as_full_screen_section=\u00a0\u00bbno\u00a0\u00bb type=\u00a0\u00bbfull_width\u00a0\u00bb angled_section=\u00a0\u00bbno\u00a0\u00bb text_align=\u00a0\u00bbleft\u00a0\u00bb background_image_as_pattern=\u00a0\u00bbwithout_pattern\u00a0\u00bb][vc_column][vc_single_image image=\u00a0\u00bb15703&Prime; img_size=\u00a0\u00bbfull\u00a0\u00bb alignment=\u00a0\u00bbcenter\u00a0\u00bb qode_css_animation=\u00a0\u00bb\u00a0\u00bb][vc_separator type=\u00a0\u00bbtransparent\u00a0\u00bb][vc_separator type=\u00a0\u00bbtransparent\u00a0\u00bb][vc_separator type=\u00a0\u00bbtransparent\u00a0\u00bb][\/vc_column][\/vc_row][vc_row css_animation=\u00a0\u00bb\u00a0\u00bb row_type=\u00a0\u00bbrow\u00a0\u00bb use_row_as_full_screen_section=\u00a0\u00bbno\u00a0\u00bb type=\u00a0\u00bbfull_width\u00a0\u00bb angled_section=\u00a0\u00bbno\u00a0\u00bb text_align=\u00a0\u00bbleft\u00a0\u00bb background_image_as_pattern=\u00a0\u00bbwithout_pattern\u00a0\u00bb][vc_column width=\u00a0\u00bb1\/2&Prime;][vc_column_text] Lombric Fourchu C&rsquo;est en 2005 que Lombric Fourchu devient\u00a0 marionnette chaussette et part en tourn\u00e9e en Bretagne. Son succ\u00e8s le fera voyager&#8230;<\/p>\n","protected":false},"author":1,"featured_media":0,"parent":0,"menu_order":0,"comment_status":"closed","ping_status":"closed","template":"landing_page.php","meta":{"_monsterinsights_skip_tracking":false,"_monsterinsights_sitenote_active":false,"_monsterinsights_sitenote_note":"","_monsterinsights_sitenote_category":0,"_uf_show_specific_survey":0,"_uf_disable_surveys":false,"footnotes":""},"class_list":["post-15598","page","type-page","status-publish","hentry"],"aioseo_notices":[],"_links":{"self":[{"href":"https:\/\/www.lombric-fourchu.com\/index.php\/wp-json\/wp\/v2\/pages\/15598","targetHints":{"allow":["GET"]}}],"collection":[{"href":"https:\/\/www.lombric-fourchu.com\/index.php\/wp-json\/wp\/v2\/pages"}],"about":[{"href":"https:\/\/www.lombric-fourchu.com\/index.php\/wp-json\/wp\/v2\/types\/page"}],"author":[{"embeddable":true,"href":"https:\/\/www.lombric-fourchu.com\/index.php\/wp-json\/wp\/v2\/users\/1"}],"replies":[{"embeddable":true,"href":"https:\/\/www.lombric-fourchu.com\/index.php\/wp-json\/wp\/v2\/comments?post=15598"}],"version-history":[{"count":18,"href":"https:\/\/www.lombric-fourchu.com\/index.php\/wp-json\/wp\/v2\/pages\/15598\/revisions"}],"predecessor-version":[{"id":15851,"href":"https:\/\/www.lombric-fourchu.com\/index.php\/wp-json\/wp\/v2\/pages\/15598\/revisions\/15851"}],"wp:attachment":[{"href":"https:\/\/www.lombric-fourchu.com\/index.php\/wp-json\/wp\/v2\/media?parent=15598"}],"curies":[{"name":"wp","href":"https:\/\/api.w.org\/{rel}","templated":true}]}}