{"id":15577,"date":"2018-04-03T13:09:40","date_gmt":"2018-04-03T11:09:40","guid":{"rendered":"http:\/\/lombric-fourchu.com\/wp\/?page_id=15577"},"modified":"2025-07-27T17:17:07","modified_gmt":"2025-07-27T15:17:07","slug":"accueil","status":"publish","type":"page","link":"https:\/\/www.lombric-fourchu.com\/","title":{"rendered":"ACCUEIL"},"content":{"rendered":"<p>[vc_row css_animation=\u00a0\u00bb\u00a0\u00bb row_type=\u00a0\u00bbrow\u00a0\u00bb use_row_as_full_screen_section=\u00a0\u00bbno\u00a0\u00bb type=\u00a0\u00bbgrid\u00a0\u00bb angled_section=\u00a0\u00bbyes\u00a0\u00bb angled_section_position=\u00a0\u00bbtop\u00a0\u00bb angled_section_direction=\u00a0\u00bbfrom_right_to_left\u00a0\u00bb text_align=\u00a0\u00bbleft\u00a0\u00bb background_image_as_pattern=\u00a0\u00bbwithout_pattern\u00a0\u00bb background_color=\u00a0\u00bb#ffffff\u00a0\u00bb padding_top=\u00a0\u00bb30&Prime; padding_bottom=\u00a0\u00bb0&Prime;][vc_column width=\u00a0\u00bb5\/6&Prime;][vc_column_text]<\/p>\n<h1 class=\"western\" align=\"left\"><strong><span style=\"color: #eb5f23;\"><b>Lombric Fourchu, <\/b><\/span><\/strong><strong><span style=\"color: #eb5f23;\"><b>marionnette et ventriloquie, <\/b><\/span><\/strong><strong><span style=\"color: #eb5f23;\"><b>cinq spectacles d\u00e8s 3-5 ans.<\/b><\/span><\/strong><\/h1>\n<p align=\"left\">Un ver de terre, Lombric Fourchu, philosophe du tas de <strong>compost<\/strong>, nous interroge avec humour sur notre mode de vie et son impact sur notre environnement.<\/p>\n<h2 align=\"left\">Des spectacles sur l\u2019\u00e9cologie \u00e0 la p\u00e9dagogie tourn\u00e9e vers l\u2019humour.<\/h2>\n<p align=\"left\">C\u2019est parti pour un spectacle sur le th\u00e8me de votre choix. <strong>Spectacle interactif<\/strong> et un brin d\u00e9jant\u00e9, Lombric Fourchu comprend souvent de travers, ne pense qu\u2019\u00e0 manger mais est finalement peut-\u00eatre plus sage que les humains quand il s\u2019agit de prot\u00e9ger la nature.<\/p>\n<h2 align=\"left\">Vous souhaitez enrichir votre parcours aupr\u00e8s de vos \u00e9l\u00e8ves du cycle 1 au cycle 3 ?<\/h2>\n<p align=\"left\"><strong>Cinq spectacles<\/strong> sont \u00e0 votre disposition. Un spectacle sur le <strong>jardinage au naturel<\/strong>, un spectacle sur <strong>les d\u00e9chets<\/strong>, comment en produire moins, le tri s\u00e9lectif, un spectacle sur <strong>les \u00e9conomies d\u2019\u00e9nergie<\/strong> et un spectacle sur <strong>l\u2019\u00e9conomie circulaire<\/strong> accessibles d\u00e8s la classe de CP. Un spectacle sur <strong>le gaspillage alimentaire<\/strong> accessible d\u00e8s la maternelle.<\/p>\n<p align=\"left\">Lors d\u2019une <strong>s\u00e9ance scolaire<\/strong>, chaque enfant et enseignant re\u00e7oit en plus un petit livret et\/ou un CD audio pour se rem\u00e9morer le spectacle et revenir dessus en classe.<\/p>\n<h2 align=\"left\">Vous voulez amuser et faire r\u00e9fl\u00e9chir le public de votre m\u00e9diath\u00e8que ?<\/h2>\n<p align=\"left\">Les spectacles de Lombric Fourchu sont pour les enfants mais avec diff\u00e9rents niveaux de lecture. Les parents s\u2019amuseront tout autant des jeux de mots et fac\u00e9ties de notre ver de terre. Ils pourront m\u00eame aider les enfants \u00e0 r\u00e9pondre aux questions.<\/p>\n<p align=\"left\">\u00c0 l&rsquo;issue de votre <strong>s\u00e9ance tous publics<\/strong>, chaque famille re\u00e7oit en plus un petit livret et\/ou un CD audio pour se rem\u00e9morer le spectacle et continuer \u00e0 y r\u00e9fl\u00e9chir \u00e0 la maison.<\/p>\n<h2 align=\"left\">Vous aimeriez sensibiliser avec humour les familles pr\u00e9sentes \u00e0 votre festival\u00a0?<\/h2>\n<p align=\"left\">Lombric Fourchu se produit aussi en ext\u00e9rieur sous conditions. N\u2019h\u00e9sitez pas \u00e0 nous contacter\u00a0!<\/p>\n<p><strong>Lombric Fourchu est sur sc\u00e8ne depuis le printemps 2005 avec maintenant 5 spectacles et plusieurs centaines de repr\u00e9sentations dans toute la France et m\u00eame en Suisse\u00a0! Au festival du Lombric\u00a0!!!<\/strong><\/p>\n<p>[\/vc_column_text][\/vc_column][vc_column width=\u00a0\u00bb1\/6&Prime;][vc_separator type=\u00a0\u00bbtransparent\u00a0\u00bb up=\u00a0\u00bb27&Prime; down=\u00a0\u00bb0&Prime;][vc_separator type=\u00a0\u00bbtransparent\u00a0\u00bb up=\u00a0\u00bb27&Prime; down=\u00a0\u00bb0&Prime;][vc_separator type=\u00a0\u00bbtransparent\u00a0\u00bb up=\u00a0\u00bb27&Prime; down=\u00a0\u00bb0&Prime;][vc_single_image image=\u00a0\u00bb15659&Prime; img_size=\u00a0\u00bb62&#215;177&Prime; alignment=\u00a0\u00bbright\u00a0\u00bb qode_css_animation=\u00a0\u00bb\u00a0\u00bb qode_hover_animation=\u00a0\u00bbzoom_in\u00a0\u00bb][\/vc_column][\/vc_row][vc_row css_animation=\u00a0\u00bb\u00a0\u00bb row_type=\u00a0\u00bbrow\u00a0\u00bb use_row_as_full_screen_section=\u00a0\u00bbno\u00a0\u00bb type=\u00a0\u00bbgrid\u00a0\u00bb angled_section=\u00a0\u00bbno\u00a0\u00bb text_align=\u00a0\u00bbcenter\u00a0\u00bb background_image_as_pattern=\u00a0\u00bbwithout_pattern\u00a0\u00bb padding_top=\u00a0\u00bb24&Prime; padding_bottom=\u00a0\u00bb20&Prime;][vc_column][vc_column_text]<\/p>\n<h3>LES SPECTACLES<\/h3>\n<p>[\/vc_column_text][vc_separator type=\u00a0\u00bbtransparent\u00a0\u00bb up=\u00a0\u00bb31&Prime; down=\u00a0\u00bb0&Prime;][vc_column_text]<style>\n       .errordiv { padding:10px; margin:10px; border: 1px solid #555555;color: #000000;background-color: #f8f8f8; width:500px; }#advanced_iframe {visibility:visible;opacity:1;vertical-align:top;}.ai-info-bottom-iframe { position: fixed; z-index: 10000; bottom:0; left: 0; margin: 0px; text-align: center; width: 100%; background-color: #ff9999; padding-left: 5px;padding-bottom: 5px; border-top: 1px solid #aaa } a.ai-bold {font-weight: bold;}#ai-layer-div-advanced_iframe p {height:100%;margin:0;padding:0}<\/style><script type=\"text\/javascript\">var ai_iframe_width_advanced_iframe = 0;var ai_iframe_height_advanced_iframe = 0;var aiOnloadScrollTop=\"true\";var aiShowDebug=false;\n\t\tif (typeof aiReadyCallbacks === 'undefined') {\n\t\t\tvar aiReadyCallbacks = [];\n\t\t} else if (!(aiReadyCallbacks instanceof Array)) {\n\t\t\tvar aiReadyCallbacks = [];\n\t\t}    function aiShowIframeId(id_iframe) { jQuery(\"#\"+id_iframe).css(\"visibility\", \"visible\");    }    function aiResizeIframeHeight(height) { aiResizeIframeHeight(height,advanced_iframe); }    function aiResizeIframeHeightId(height,width,id) {aiResizeIframeHeightById(id,height);}<\/script><iframe id=\"advanced_iframe\"  name=\"advanced_iframe\"  src=\"https:\/\/www.artoutai.com\/spectacleslf\/\"  width=\"100%\"  height=\"630\"  scrolling=\"false\"  frameborder=\"0\"  border=\"0\"  allowtransparency=\"true\"  loading=\"lazy\"  style=\";border-width: 0px;;border: none;;width:100%;;height:630px;\" ><\/iframe><script type=\"text\/javascript\">var ifrm_advanced_iframe = document.getElementById(\"advanced_iframe\");var hiddenTabsDoneadvanced_iframe = false;\nfunction resizeCallbackadvanced_iframe() {}<\/script><script type=\"text\/javascript\"><\/script><p style=\"display:block !important; visibility:visible !important;margin: -18px 14px 0 0;padding-left: 3px;padding-top:3px;background: white; overflow: hidden; position: relative; line-height:15px;width: fit-content;\"><small style=\"display:block !important;visibility:visible !important\">powered by Advanced iFrame<\/small><\/p>[\/vc_column_text][\/vc_column][\/vc_row][vc_row css_animation=\u00a0\u00bb\u00a0\u00bb row_type=\u00a0\u00bbrow\u00a0\u00bb use_row_as_full_screen_section=\u00a0\u00bbno\u00a0\u00bb type=\u00a0\u00bbgrid\u00a0\u00bb angled_section=\u00a0\u00bbno\u00a0\u00bb text_align=\u00a0\u00bbcenter\u00a0\u00bb background_image_as_pattern=\u00a0\u00bbwithout_pattern\u00a0\u00bb z_index=\u00a0\u00bb\u00a0\u00bb][vc_column][vc_separator type=\u00a0\u00bbtransparent\u00a0\u00bb up=\u00a0\u00bb40&Prime; down=\u00a0\u00bb0&Prime;][vc_column_text]<\/p>\n<h3 style=\"text-align: center;\">ILS EN PARLENT LE MIEUX<\/h3>\n<p>[\/vc_column_text][vc_separator type=\u00a0\u00bbtransparent\u00a0\u00bb up=\u00a0\u00bb40&Prime; down=\u00a0\u00bb0&Prime;]<div class='testimonials_holder clearfix '><div class=\"testimonials testimonials_carousel\" data-show-navigation=\"no\" data-animation-type=\"fade\" data-animation-speed=\"\" data-auto-rotate-slides=\"10\" data-number-per-slide=\"1\"><ul class=\"slides\"><li id=\"testimonials15728\" class=\"testimonial_content\"><div class=\"testimonial_content_inner\"><div class=\"testimonial_text_holder\"><div class=\"testimonial_text_inner\" style=\"color: #d66231;\"><p style='font-size:20px;color:#d66231;'>Les mots exacts du directeur et le retour des enseignants ont \u00e9t\u00e9 : sensationnel, directement exploitable, participatif et ludique.<\/p><p class=\"testimonial_author\" style=\"color: #d66231;font-weight: 700;color: #58a834;font-size: 23px;\">Ecole de Prat Fo\u00ebn<\/p><\/div><\/div><\/div><\/li><li id=\"testimonials15587\" class=\"testimonial_content\"><div class=\"testimonial_content_inner\"><div class=\"testimonial_text_holder\"><div class=\"testimonial_text_inner\" style=\"color: #d66231;\"><p style='font-size:20px;color:#d66231;'>Encore merci pour la prestation !\r\nQue de bons retours de la part des professeurs et des \u00e9l\u00e8ves, qui \u00e9taient ravis du spectacle !<\/p><p class=\"testimonial_author\" style=\"color: #d66231;font-weight: 700;color: #58a834;font-size: 23px;\">Cercle Paul-Bert Nord-Ouest de Rennes<\/p><\/div><\/div><\/div><\/li><li id=\"testimonials15586\" class=\"testimonial_content\"><div class=\"testimonial_content_inner\"><div class=\"testimonial_text_holder\"><div class=\"testimonial_text_inner\" style=\"color: #d66231;\"><p style='font-size:20px;color:#d66231;'>Le lombric fourchu a enchant\u00e9 les petits et les grands. A la soupe du\r\nsoir, un adh\u00e9rent de 42 ans se demandait encore \"comment il fait parler sa marionnette?\" \"\u00e7a\r\nm'impressionne encore!\" a t il rajout\u00e9.<\/p><p class=\"testimonial_author\" style=\"color: #d66231;font-weight: 700;color: #58a834;font-size: 23px;\">Dania, Association Graine de Rire<\/p><\/div><\/div><\/div><\/li><\/ul><\/div><\/div>[vc_separator type=\u00a0\u00bbtransparent\u00a0\u00bb up=\u00a0\u00bb40&Prime; down=\u00a0\u00bb0&Prime;][\/vc_column][\/vc_row][vc_row css_animation=\u00a0\u00bb\u00a0\u00bb row_type=\u00a0\u00bbrow\u00a0\u00bb use_row_as_full_screen_section=\u00a0\u00bbno\u00a0\u00bb type=\u00a0\u00bbgrid\u00a0\u00bb header_style=\u00a0\u00bblight\u00a0\u00bb angled_section=\u00a0\u00bbno\u00a0\u00bb text_align=\u00a0\u00bbright\u00a0\u00bb background_image_as_pattern=\u00a0\u00bbwithout_pattern\u00a0\u00bb z_index=\u00a0\u00bb\u00a0\u00bb][vc_column][vc_separator type=\u00a0\u00bbtransparent\u00a0\u00bb up=\u00a0\u00bb40&Prime; down=\u00a0\u00bb0&Prime;]<a  itemprop=\"url\" href=\"https:\/\/www.lombric-fourchu.com\/docs\/LivreDort.pdf\" target=\"_blank\"  class=\"qbutton  large center default\" style=\"\">T\u00e9l\u00e9chargez le livre d'or complet !<i class=\"qode_icon_font_awesome fa fa-hand-o-right qode_button_icon_element\" style=\"\" ><\/i><\/a>[\/vc_column][\/vc_row][vc_row css_animation=\u00a0\u00bb\u00a0\u00bb row_type=\u00a0\u00bbrow\u00a0\u00bb use_row_as_full_screen_section=\u00a0\u00bbno\u00a0\u00bb type=\u00a0\u00bbgrid\u00a0\u00bb header_style=\u00a0\u00bblight\u00a0\u00bb angled_section=\u00a0\u00bbno\u00a0\u00bb text_align=\u00a0\u00bbcenter\u00a0\u00bb background_image_as_pattern=\u00a0\u00bbwithout_pattern\u00a0\u00bb z_index=\u00a0\u00bb\u00a0\u00bb][vc_column][vc_separator type=\u00a0\u00bbtransparent\u00a0\u00bb up=\u00a0\u00bb40&Prime; down=\u00a0\u00bb0&Prime;][vc_single_image image=\u00a0\u00bb15757&Prime; alignment=\u00a0\u00bbcenter\u00a0\u00bb qode_css_animation=\u00a0\u00bb\u00a0\u00bb qode_hover_animation=\u00a0\u00bbzoom_in\u00a0\u00bb][\/vc_column][\/vc_row][vc_row css_animation=\u00a0\u00bb\u00a0\u00bb row_type=\u00a0\u00bbrow\u00a0\u00bb use_row_as_full_screen_section=\u00a0\u00bbno\u00a0\u00bb type=\u00a0\u00bbgrid\u00a0\u00bb angled_section=\u00a0\u00bbno\u00a0\u00bb text_align=\u00a0\u00bbcenter\u00a0\u00bb background_image_as_pattern=\u00a0\u00bbwithout_pattern\u00a0\u00bb][vc_column][vc_column_text]<\/p>\n<h3>CONTACT<\/h3>\n<p>[\/vc_column_text][vc_column_text]<\/p>\n<p style=\"text-align: center; font: black;\"><em><strong>T\u00e9l :<\/strong>\u00a0<\/em><span style=\"color: black;\">09 60 18 17 71<\/span><br \/><span style=\"color: #339966;\"><a style=\"color: #339966;\" href=\"mailto:contact@lombric-fourchu.com\" target=\"_blank\" rel=\"noopener\">contact@lombric-fourchu.com<\/a><\/span><\/p>\n<p>[\/vc_column_text][vc_separator type=\u00a0\u00bbtransparent\u00a0\u00bb up=\u00a0\u00bb40&Prime; down=\u00a0\u00bb0&Prime;]<a  itemprop=\"url\" href=\"http:\/\/www.artoutai.com\/demande-de-devis-lombric-fourchu\/\" target=\"_blank\"  class=\"qbutton  large center enlarge  qode-button-shadow\" style=\"\">DEMANDEZ UN DEVIS EN LIGNE !<i class=\"qode_icon_font_awesome fa fa-hand-o-right qode_button_icon_element\" style=\"\" ><\/i><\/a>[vc_separator type=\u00a0\u00bbtransparent\u00a0\u00bb up=\u00a0\u00bb40&Prime; down=\u00a0\u00bb0&Prime;][\/vc_column][\/vc_row][vc_row css_animation=\u00a0\u00bb\u00a0\u00bb row_type=\u00a0\u00bbrow\u00a0\u00bb use_row_as_full_screen_section=\u00a0\u00bbno\u00a0\u00bb type=\u00a0\u00bbgrid\u00a0\u00bb angled_section=\u00a0\u00bbyes\u00a0\u00bb angled_section_position=\u00a0\u00bbbottom\u00a0\u00bb angled_section_direction=\u00a0\u00bbfrom_right_to_left\u00a0\u00bb text_align=\u00a0\u00bbcenter\u00a0\u00bb background_image_as_pattern=\u00a0\u00bbwithout_pattern\u00a0\u00bb background_color=\u00a0\u00bb#f9f9f9&Prime; padding_top=\u00a0\u00bb50&Prime;][vc_column][vc_column_text]<\/p>\n<h3 style=\"text-align: center;\">PARTENAIRES<\/h3>\n<p>[\/vc_column_text][vc_separator type=\u00a0\u00bbtransparent\u00a0\u00bb up=\u00a0\u00bb30&Prime; down=\u00a0\u00bb0&Prime;][qode_clients columns=\u00a0\u00bbthree_columns\u00a0\u00bb hover_effect=\u00a0\u00bbdefault\u00a0\u00bb disable_separators=\u00a0\u00bb\u00a0\u00bb][qode_client link_target=\u00a0\u00bb_blank\u00a0\u00bb image=\u00a0\u00bb15682&Prime; link=\u00a0\u00bbhttp:\/\/www.bretagne.bzh\/\u00a0\u00bb][qode_client link_target=\u00a0\u00bb_blank\u00a0\u00bb image=\u00a0\u00bb15686&Prime; link=\u00a0\u00bbhttps:\/\/www.ademe.fr\/\u00a0\u00bb][qode_client link_target=\u00a0\u00bb_blank\u00a0\u00bb image=\u00a0\u00bb15694&Prime; link=\u00a0\u00bbhttps:\/\/cotesdarmor.fr\/\u00a0\u00bb][\/qode_clients][qode_clients columns=\u00a0\u00bbthree_columns\u00a0\u00bb hover_effect=\u00a0\u00bbdefault\u00a0\u00bb disable_separators=\u00a0\u00bb\u00a0\u00bb][qode_client link_target=\u00a0\u00bb_blank\u00a0\u00bb image=\u00a0\u00bb15687&Prime; link=\u00a0\u00bbhttps:\/\/agence.eau-loire-bretagne.fr\/home.html\u00a0\u00bb][qode_client link_target=\u00a0\u00bb_blank\u00a0\u00bb image=\u00a0\u00bb15689&Prime; link=\u00a0\u00bbhttp:\/\/metropole.rennes.fr\/\u00a0\u00bb][qode_client link_target=\u00a0\u00bb_blank\u00a0\u00bb image=\u00a0\u00bb15690&Prime; link=\u00a0\u00bbhttps:\/\/www.mce-info.org\/\u00a0\u00bb][\/qode_clients][qode_clients columns=\u00a0\u00bbthree_columns\u00a0\u00bb hover_effect=\u00a0\u00bbdefault\u00a0\u00bb disable_separators=\u00a0\u00bb\u00a0\u00bb][qode_client link_target=\u00a0\u00bb_blank\u00a0\u00bb image=\u00a0\u00bb15692&Prime; link=\u00a0\u00bbhttps:\/\/www.finistere.fr\/\u00a0\u00bb][qode_client link_target=\u00a0\u00bb_blank\u00a0\u00bb image=\u00a0\u00bb15691&Prime; link=\u00a0\u00bbhttps:\/\/www.morbihan.fr\/\u00a0\u00bb][\/qode_clients][\/vc_column][\/vc_row]<\/p>\n<p align=\"left\">\u00a0<\/p>\n<p class=\"western\" align=\"left\">[\/vc_column_text][vc_column_text]<\/p>\n<p align=\"left\">\u00a0<\/p>\n\n\n<p class=\"has-text-align-center has-white-background-color has-background has-small-font-size\"><strong>Contact artistique :<\/strong> Iwan LAURENT &#8211; 40 A chemin de la R\u00e9buni\u00e8re, 35760 Montgermont &#8211; Tel : 09 60 18 17 71 &#8211; iwanlaurent(at)hotmail.com<\/p>\n\n\n\n<p class=\"has-small-font-size\"><\/p>\n\n\n\n<p><\/p>\n","protected":false},"excerpt":{"rendered":"<p>[vc_row css_animation=\u00a0\u00bb\u00a0\u00bb row_type=\u00a0\u00bbrow\u00a0\u00bb use_row_as_full_screen_section=\u00a0\u00bbno\u00a0\u00bb type=\u00a0\u00bbgrid\u00a0\u00bb angled_section=\u00a0\u00bbyes\u00a0\u00bb angled_section_position=\u00a0\u00bbtop\u00a0\u00bb angled_section_direction=\u00a0\u00bbfrom_right_to_left\u00a0\u00bb text_align=\u00a0\u00bbleft\u00a0\u00bb background_image_as_pattern=\u00a0\u00bbwithout_pattern\u00a0\u00bb background_color=\u00a0\u00bb#ffffff\u00a0\u00bb padding_top=\u00a0\u00bb30&Prime; padding_bottom=\u00a0\u00bb0&Prime;][vc_column width=\u00a0\u00bb5\/6&Prime;][vc_column_text] Lombric Fourchu, marionnette et ventriloquie, cinq spectacles d\u00e8s 3-5 ans. Un ver de terre, Lombric Fourchu, philosophe du tas de compost, nous interroge avec humour sur notre mode de vie et&#8230;<\/p>\n","protected":false},"author":1,"featured_media":0,"parent":0,"menu_order":0,"comment_status":"closed","ping_status":"closed","template":"full_width.php","meta":{"_monsterinsights_skip_tracking":false,"_monsterinsights_sitenote_active":false,"_monsterinsights_sitenote_note":"","_monsterinsights_sitenote_category":0,"_uf_show_specific_survey":0,"_uf_disable_surveys":false,"footnotes":""},"class_list":["post-15577","page","type-page","status-publish","hentry"],"aioseo_notices":[],"_links":{"self":[{"href":"https:\/\/www.lombric-fourchu.com\/index.php\/wp-json\/wp\/v2\/pages\/15577","targetHints":{"allow":["GET"]}}],"collection":[{"href":"https:\/\/www.lombric-fourchu.com\/index.php\/wp-json\/wp\/v2\/pages"}],"about":[{"href":"https:\/\/www.lombric-fourchu.com\/index.php\/wp-json\/wp\/v2\/types\/page"}],"author":[{"embeddable":true,"href":"https:\/\/www.lombric-fourchu.com\/index.php\/wp-json\/wp\/v2\/users\/1"}],"replies":[{"embeddable":true,"href":"https:\/\/www.lombric-fourchu.com\/index.php\/wp-json\/wp\/v2\/comments?post=15577"}],"version-history":[{"count":82,"href":"https:\/\/www.lombric-fourchu.com\/index.php\/wp-json\/wp\/v2\/pages\/15577\/revisions"}],"predecessor-version":[{"id":15852,"href":"https:\/\/www.lombric-fourchu.com\/index.php\/wp-json\/wp\/v2\/pages\/15577\/revisions\/15852"}],"wp:attachment":[{"href":"https:\/\/www.lombric-fourchu.com\/index.php\/wp-json\/wp\/v2\/media?parent=15577"}],"curies":[{"name":"wp","href":"https:\/\/api.w.org\/{rel}","templated":true}]}}